{"id":2,"date":"2020-07-07T07:15:54","date_gmt":"2020-07-07T07:15:54","guid":{"rendered":"http:\/\/devel.ccbao.at\/?page_id=2"},"modified":"2026-02-10T16:37:06","modified_gmt":"2026-02-10T16:37:06","slug":"sample-page","status":"publish","type":"page","link":"https:\/\/www.kirchenwirt-fehring.at\/","title":{"rendered":"Herzlich Willkommen im Gasthaus Kirchenwirt Fehring"},"content":{"rendered":"\r\n<p class=\"has-extra-large-font-size\">\u00a0<\/p>\r\n\r\n\r\n\r\n<div class=\"wp-block-cover is-light\"><img loading=\"lazy\" decoding=\"async\" width=\"2000\" height=\"1199\" class=\"wp-block-cover__image-background wp-image-84\" src=\"http:\/\/www.kirchenwirt-fehring.at\/wp-content\/uploads\/2020\/08\/cropped-07982AF3-243D-4F42-985E-3D2F11415F16-scaled-2.jpeg\" alt=\"\" data-object-fit=\"cover\" srcset=\"https:\/\/www.kirchenwirt-fehring.at\/wp-content\/uploads\/2020\/08\/cropped-07982AF3-243D-4F42-985E-3D2F11415F16-scaled-2.jpeg 2000w, https:\/\/www.kirchenwirt-fehring.at\/wp-content\/uploads\/2020\/08\/cropped-07982AF3-243D-4F42-985E-3D2F11415F16-scaled-2-300x180.jpeg 300w, https:\/\/www.kirchenwirt-fehring.at\/wp-content\/uploads\/2020\/08\/cropped-07982AF3-243D-4F42-985E-3D2F11415F16-scaled-2-1024x614.jpeg 1024w, https:\/\/www.kirchenwirt-fehring.at\/wp-content\/uploads\/2020\/08\/cropped-07982AF3-243D-4F42-985E-3D2F11415F16-scaled-2-768x460.jpeg 768w, https:\/\/www.kirchenwirt-fehring.at\/wp-content\/uploads\/2020\/08\/cropped-07982AF3-243D-4F42-985E-3D2F11415F16-scaled-2-1536x921.jpeg 1536w\" sizes=\"auto, (max-width: 2000px) 100vw, 2000px\" \/>\r\n<div class=\"wp-block-cover__inner-container is-layout-flow wp-block-cover-is-layout-flow\">\r\n<p class=\"has-text-align-center has-large-font-size\">\u00a0<\/p>\r\n<\/div>\r\n<\/div>\r\n\r\n\r\n\r\n<p>&nbsp;<\/p>\r\n\r\n\r\n\r\n<p>Das Gasthaus Kirchenwirt Fehring wird in zweiter Generation von Gerhard Pock gef\u00fchrt. Der Hausherr ist zugleich Wirt, Chefkoch und auch J\u00e4ger. Somit wird garantiert, dass immer das Beste und Frischeste f\u00fcr die K\u00fcche aus erster Hand bereit steht!<\/p>\r\n\r\n\r\n\r\n<p>Es gibt immer wieder Spezialit\u00e4tenwochen wie &#8222;Wild&#8220; und &#8222;Fischwochen&#8220; oder spezielle Gerichte zur Spargelzeit, sowie Spezialit\u00e4ten der Saison.<\/p>\r\n\r\n\r\n\r\n<p>Das Team vom Gasthaus Kirchenwirt richtet auch Ihre Familienfeier, Firmenfeier oder Weihnachtsfeier aus. \u00dcberraschungsmen\u00fcs f\u00fcr zwei oder mehr Personen und andere Specials gibt es gerne auf Anfrage!<\/p>\r\n\r\n\r\n\r\n<p>Gerhard und sein Team sind stets bem\u00fcht, ihren Gaumen mit kulinarischen K\u00f6stlichkeiten zu verw\u00f6hnen. F\u00fcr das Team vom Kirchenwirt w\u00e4re es eine Ehre , Sie im Gasthaus begr\u00fc\u00dfen und bewirten zu d\u00fcrfen!<\/p>\r\n\r\n\r\n\r\n<p>&nbsp;<\/p>\r\n","protected":false},"excerpt":{"rendered":"<p>\u00a0 &nbsp; Das Gasthaus Kirchenwirt Fehring wird in zweiter Generation von Gerhard Pock gef\u00fchrt. Der Hausherr ist zugleich Wirt, Chefkoch und auch J\u00e4ger. Somit wird garantiert, dass immer das Beste und Frischeste f\u00fcr die K\u00fcche aus erster Hand bereit steht! Es gibt immer wieder Spezialit\u00e4tenwochen wie &#8222;Wild&#8220; und &#8222;Fischwochen&#8220; oder spezielle Gerichte zur Spargelzeit, sowie [&hellip;]<\/p>\n","protected":false},"author":1,"featured_media":77,"parent":0,"menu_order":0,"comment_status":"closed","ping_status":"open","template":"","meta":{"footnotes":""},"class_list":["post-2","page","type-page","status-publish","has-post-thumbnail","hentry"],"_links":{"self":[{"href":"https:\/\/www.kirchenwirt-fehring.at\/index.php?rest_route=\/wp\/v2\/pages\/2","targetHints":{"allow":["GET"]}}],"collection":[{"href":"https:\/\/www.kirchenwirt-fehring.at\/index.php?rest_route=\/wp\/v2\/pages"}],"about":[{"href":"https:\/\/www.kirchenwirt-fehring.at\/index.php?rest_route=\/wp\/v2\/types\/page"}],"author":[{"embeddable":true,"href":"https:\/\/www.kirchenwirt-fehring.at\/index.php?rest_route=\/wp\/v2\/users\/1"}],"replies":[{"embeddable":true,"href":"https:\/\/www.kirchenwirt-fehring.at\/index.php?rest_route=%2Fwp%2Fv2%2Fcomments&post=2"}],"version-history":[{"count":55,"href":"https:\/\/www.kirchenwirt-fehring.at\/index.php?rest_route=\/wp\/v2\/pages\/2\/revisions"}],"predecessor-version":[{"id":726,"href":"https:\/\/www.kirchenwirt-fehring.at\/index.php?rest_route=\/wp\/v2\/pages\/2\/revisions\/726"}],"wp:featuredmedia":[{"embeddable":true,"href":"https:\/\/www.kirchenwirt-fehring.at\/index.php?rest_route=\/wp\/v2\/media\/77"}],"wp:attachment":[{"href":"https:\/\/www.kirchenwirt-fehring.at\/index.php?rest_route=%2Fwp%2Fv2%2Fmedia&parent=2"}],"curies":[{"name":"wp","href":"https:\/\/api.w.org\/{rel}","templated":true}]}}